{"id":26126,"date":"2022-08-10T11:45:02","date_gmt":"2022-08-10T09:45:02","guid":{"rendered":"https:\/\/niskiig.pl\/privacy-policy\/"},"modified":"2025-05-05T11:57:30","modified_gmt":"2025-05-05T09:57:30","slug":"privacy-policy","status":"publish","type":"page","link":"https:\/\/niskiig.pl\/en-us\/privacy-policy\/","title":{"rendered":"Privacy policy"},"content":{"rendered":"\t\t<div data-elementor-type=\"wp-page\" data-elementor-id=\"26126\" class=\"elementor elementor-26126 elementor-46\" data-elementor-post-type=\"page\">\n\t\t\t\t<div class=\"elementor-element elementor-element-d1fd86f e-flex e-con-boxed e-con e-parent\" data-id=\"d1fd86f\" data-element_type=\"container\" data-e-type=\"container\" data-settings=\"{&quot;jet_parallax_layout_list&quot;:[]}\">\n\t\t\t\t\t<div class=\"e-con-inner\">\n\t\t<div class=\"elementor-element elementor-element-8d80a09 e-flex e-con-boxed e-con e-child\" data-id=\"8d80a09\" data-element_type=\"container\" data-e-type=\"container\" data-settings=\"{&quot;jet_parallax_layout_list&quot;:[]}\">\n\t\t\t\t\t<div class=\"e-con-inner\">\n\t\t\t\t<div class=\"elementor-element elementor-element-5b4c706 elementor-widget elementor-widget-heading\" data-id=\"5b4c706\" data-element_type=\"widget\" data-e-type=\"widget\" data-widget_type=\"heading.default\">\n\t\t\t\t<div class=\"elementor-widget-container\">\n\t\t\t\t\t<h2 class=\"elementor-heading-title elementor-size-default\">Privacy policy<\/h2>\t\t\t\t<\/div>\n\t\t\t\t<\/div>\n\t\t\t\t<div class=\"elementor-element elementor-element-f93a90c elementor-widget elementor-widget-text-editor\" data-id=\"f93a90c\" data-element_type=\"widget\" data-e-type=\"widget\" data-widget_type=\"text-editor.default\">\n\t\t\t\t<div class=\"elementor-widget-container\">\n\t\t\t\t\t\t\t\t\t<p style=\"text-align: center;\"><strong>What are Cookies?<\/strong><\/p><p>Cookies are text files. They are automatically created by web browsers when visiting and using websites. They are sent by the website and stored on the user\u2019s device. Data obtained through cookies can only be read by the website that created the cookie, niskiig.devispace.pl. The website does not have access to cookies it did not create, and to which it has not been granted access.    <\/p><p>Cookies are used to facilitate the use of the website by the user or by adapting user-friendly content through the website.<\/p><p style=\"text-align: center;\"><strong>Who is the Data Controller?<\/strong><\/p><p>The Data Controller for your personal data is Wytw\u00f3rnia Makaronu Domowego POL-MAK Sp\u00f3\u0142ka Akcyjna located in Ludwin (adres: LUDWIN KOLONIA 58, 21-075 Ludwin), registered in the National Court Register &#8211; NIP: 7132800971.<\/p><p style=\"text-align: center;\"><strong>Purpose of using Cookies by Wytw\u00f3rnia Makaronu Domowego POL-MAK Sp\u00f3\u0142ka Akcyjna:<\/strong><\/p><p style=\"text-align: left;\">Technical Cookies:<\/p><p>&#8211; Ensure the proper functioning of the website<br>&#8211; IP address<br>&#8211; Time spent on the site<br>&#8211; Locations from which the site is accessed<br>&#8211; Device used to open the website<br>&#8211; Decisions made<br>&#8211; To remember whether consent has been given for cookie download<\/p><p>Their operation is based on the legitimate interest of the entrepreneur.<\/p><p>Marketing Cookies:<\/p><p>&#8211; For marketing purposes, we use the services of Google, namely Google Ads.<\/p><p>Analytical Cookies:<\/p><p>&#8211; For analytical purposes, we use the services of Google Analytics.<\/p><p style=\"text-align: center;\"><strong>Storage time of Cookies<\/strong><\/p><p>Session cookies are stored on the user\u2019s device until leaving the site, e.g., by closing the web browser.<\/p><p>Persistent cookies exist until manually deleted or the specified browser time expires.<\/p><p style=\"text-align: center;\"><strong>Type of collected data<\/strong><\/p><p>We include:<br>&#8211; IP address<br>&#8211; Device type<br>&#8211; Operating system<br>&#8211; Time spent on the site<br>&#8211; Actions taken<\/p><p style=\"text-align: center;\"><strong>What data do we send to other entities?<\/strong><\/p><p>&#8211; IP address<\/p><p style=\"text-align: center;\"><strong>Withdrawal of consent:<\/strong><\/p><p>Some cookies are downloaded by the web browser when entering the website. To block the possibility of downloading cookies, use the method applicable to the specific web browser: <\/p><ul><li><a href=\"https:\/\/support.mozilla.org\/pl\/kb\/blokowanie-ciasteczek\">Firefox<\/a><\/li><li><a href=\"https:\/\/support.google.com\/chrome\/#topic=7438008\">Chrome<\/a><\/li><li><a href=\"https:\/\/support.microsoft.com\/pl-pl\/products\/windows\">Microsoft Edge<\/a><\/li><li><a href=\"https:\/\/help.opera.com\/Windows\/12.10\/pl\/cookies.html\">Opera<\/a><\/li><li><a href=\"https:\/\/support.apple.com\/kb\/PH19214?viewlocale=pl_PL&amp;locale=pl_PL\">Safari<\/a><\/li><\/ul><p>The inability to save\/read cookies may result in incomplete or incorrect operation of the website, but using the site will still be possible.<\/p><p style=\"text-align: center;\"><strong>Other information related to the data processing process<\/strong><\/p><p>Any questions regarding our policies can be obtained via email:<span style=\"color: #ff0000;\"><span style=\"color: #000000;\"> pol-mak@pol-mak.pl<\/span><b><br><\/b><\/span><\/p><p>Furthermore, information about the personal data controller and the rights of individuals can be found at the specified address: https:\/\/niskiig.pl\/en\/privacy-policy\/<\/p><p>In case of a violation of personal data protection regulations, you have the right to lodge a <a href=\"https:\/\/uodo.gov.pl\/\">complaint with the President of the Personal Data Protection Office.<\/a><\/p>\t\t\t\t\t\t\t\t<\/div>\n\t\t\t\t<\/div>\n\t\t\t\t\t<\/div>\n\t\t\t\t<\/div>\n\t\t\t\t\t<\/div>\n\t\t\t\t<\/div>\n\t\t\t\t<\/div>\n\t\t","protected":false},"excerpt":{"rendered":"<p>Privacy policy What are Cookies? Cookies are text files. They are automatically created by web browsers when visiting and using websites. They are sent by the website and stored on the user\u2019s device. Data obtained through cookies can only be read by the website that created the cookie, niskiig.devispace.pl. The website does not have access [&hellip;]<\/p>\n","protected":false},"author":1,"featured_media":0,"parent":0,"menu_order":0,"comment_status":"closed","ping_status":"closed","template":"","meta":{"footnotes":""},"class_list":["post-26126","page","type-page","status-publish","hentry"],"_links":{"self":[{"href":"https:\/\/niskiig.pl\/en-us\/wp-json\/wp\/v2\/pages\/26126","targetHints":{"allow":["GET"]}}],"collection":[{"href":"https:\/\/niskiig.pl\/en-us\/wp-json\/wp\/v2\/pages"}],"about":[{"href":"https:\/\/niskiig.pl\/en-us\/wp-json\/wp\/v2\/types\/page"}],"author":[{"embeddable":true,"href":"https:\/\/niskiig.pl\/en-us\/wp-json\/wp\/v2\/users\/1"}],"replies":[{"embeddable":true,"href":"https:\/\/niskiig.pl\/en-us\/wp-json\/wp\/v2\/comments?post=26126"}],"version-history":[{"count":2,"href":"https:\/\/niskiig.pl\/en-us\/wp-json\/wp\/v2\/pages\/26126\/revisions"}],"predecessor-version":[{"id":26149,"href":"https:\/\/niskiig.pl\/en-us\/wp-json\/wp\/v2\/pages\/26126\/revisions\/26149"}],"wp:attachment":[{"href":"https:\/\/niskiig.pl\/en-us\/wp-json\/wp\/v2\/media?parent=26126"}],"curies":[{"name":"wp","href":"https:\/\/api.w.org\/{rel}","templated":true}]}}