{"id":24937,"date":"2022-08-10T11:45:02","date_gmt":"2022-08-10T09:45:02","guid":{"rendered":"https:\/\/niskiig.pl\/datenschutzrichtlinie\/"},"modified":"2025-05-05T11:53:48","modified_gmt":"2025-05-05T09:53:48","slug":"datenschutzrichtlinie","status":"publish","type":"page","link":"https:\/\/niskiig.pl\/de\/datenschutzrichtlinie\/","title":{"rendered":"Datenschutzrichtlinie"},"content":{"rendered":"\t\t<div data-elementor-type=\"wp-page\" data-elementor-id=\"24937\" class=\"elementor elementor-24937 elementor-46\" data-elementor-post-type=\"page\">\n\t\t\t\t<div class=\"elementor-element elementor-element-d1fd86f e-flex e-con-boxed e-con e-parent\" data-id=\"d1fd86f\" data-element_type=\"container\" data-e-type=\"container\" data-settings=\"{&quot;jet_parallax_layout_list&quot;:[]}\">\n\t\t\t\t\t<div class=\"e-con-inner\">\n\t\t<div class=\"elementor-element elementor-element-8d80a09 e-flex e-con-boxed e-con e-child\" data-id=\"8d80a09\" data-element_type=\"container\" data-e-type=\"container\" data-settings=\"{&quot;jet_parallax_layout_list&quot;:[]}\">\n\t\t\t\t\t<div class=\"e-con-inner\">\n\t\t\t\t<div class=\"elementor-element elementor-element-5b4c706 elementor-widget elementor-widget-heading\" data-id=\"5b4c706\" data-element_type=\"widget\" data-e-type=\"widget\" data-widget_type=\"heading.default\">\n\t\t\t\t<div class=\"elementor-widget-container\">\n\t\t\t\t\t<h2 class=\"elementor-heading-title elementor-size-default\">Datenschutzrichtlinie<\/h2>\t\t\t\t<\/div>\n\t\t\t\t<\/div>\n\t\t\t\t<div class=\"elementor-element elementor-element-f93a90c elementor-widget elementor-widget-text-editor\" data-id=\"f93a90c\" data-element_type=\"widget\" data-e-type=\"widget\" data-widget_type=\"text-editor.default\">\n\t\t\t\t<div class=\"elementor-widget-container\">\n\t\t\t\t\t\t\t\t\t<p style=\"text-align: center;\"><strong>Was ist ein Cookie?<\/strong><\/p><p>Cookies sind Textdateien, die automatisch durch Internetbrowser erstellt werden, wenn Sie Websites besuchen und nutzen. Sie werden von der Website gesendet und auf dem Ger\u00e4t des Benutzers gespeichert. Die \u00fcber Cookies erhaltenen Daten werden nur von der Website, die das Cookie erstellt hat, niskiig.devispace.pl, gelesen. Die Website hat keinen Zugriff auf Cookies, die sie nicht selbst erstellt hat und zu denen kein Zugriff gew\u00e4hrt wurde.    <\/p><p>Cookies dienen dazu, die Nutzung der Website f\u00fcr den Benutzer zu erleichtern oder die Website anwendungsbezogen anzupassen.<\/p><p style=\"text-align: center;\"><strong>Wer ist der Datenverantwortliche?<\/strong><\/p><p>Der Verantwortliche f\u00fcr Ihre personenbezogenen Daten ist die Wytw\u00f3rnia Makaronu Domowego POL-MAK Aktiengesellschaft mit Sitz in Ludwinie (Adresse: LUDWIN KOLONIA 58, 21-075 Ludwin), eingetragen im Handelsregister &#8211; Steuernummer: 7132800971.<\/p><p style=\"text-align: center;\"><strong>Zweck der Verwendung von Cookies durch die Wytw\u00f3rnia Makaronu Domowego POL-MAK Aktiengesellschaft:<\/strong><\/p><p style=\"text-align: left;\">Technische Cookies:<\/p><p>&#8211; Gew\u00e4hrleistung des ordnungsgem\u00e4\u00dfen Betriebs der Website<br>&#8211; IP-Adresse<br>&#8211; Aufenthaltsdauer auf der Website<br>&#8211; Standorte, von denen aus die Website aufgerufen wurde<br>&#8211; Ger\u00e4t, von dem aus die Website ge\u00f6ffnet wurde<br>&#8211; getroffene Entscheidungen<br>&#8211; um sich zu merken, ob die Zustimmung zur Annahme von Cookies gegeben wurde<\/p><p>Ihre Funktionsweise basiert auf dem berechtigten Interesse des Unternehmers.<\/p><p>Marketing-Cookies:<\/p><p>&#8211; Zu Marketingzwecken nutzen wir die Dienste von Google, d. h. Google Ads<\/p><p>Analytische Cookies:<\/p><p>&#8211; Zu Analysezwecken nutzen wir die Dienste von Google, d. h. Google Analytics<\/p><p style=\"text-align: center;\"><strong>Speicherfrist f\u00fcr Cookies<\/strong><\/p><p>Sitzungscookies &#8211; werden auf dem verwendeten Ger\u00e4t gespeichert, bis die Website verlassen wird, z. B. durch Schlie\u00dfen des Internetbrowsers<\/p><p>Permanente Cookies &#8211; bestehen, bis sie manuell gel\u00f6scht werden oder bis eine vom Browser festgelegte Zeit abl\u00e4uft<\/p><p style=\"text-align: center;\"><strong>Art der gesammelten Daten<\/strong><\/p><p>Wir z\u00e4hlen dazu:<br>&#8211; IP-Adresse<br>&#8211; Art des Ger\u00e4ts<br>&#8211; Betriebssystem<br>&#8211; Aufenthaltsdauer auf der Website<br>&#8211; Getroffene Ma\u00dfnahmen<\/p><p style=\"text-align: center;\"><strong>Welche Daten geben wir an andere Parteien weiter?<\/strong><\/p><p>&#8211; IP-Adresse<\/p><p style=\"text-align: center;\"><strong>Wie widerrufe ich meine Einwilligung?<\/strong><\/p><p>Einige Cookies werden vom Internetbrowser beim Betreten der Website automatisch heruntergeladen. Um die M\u00f6glichkeit des Herunterladens von Cookies zu blockieren, wenden Sie die Methode an, die f\u00fcr den jeweiligen Internetbrowser vorhanden ist: <\/p><ul><li><a href=\"https:\/\/support.mozilla.org\/pl\/kb\/blokowanie-ciasteczek\">Firefox<\/a><\/li><li><a href=\"https:\/\/support.google.com\/chrome\/#topic=7438008\">Chrome<\/a><\/li><li><a href=\"https:\/\/support.microsoft.com\/pl-pl\/products\/windows\">Microsoft Edge<\/a><\/li><li><a href=\"https:\/\/help.opera.com\/Windows\/12.10\/pl\/cookies.html\">Opera<\/a><\/li><li><a href=\"https:\/\/support.apple.com\/kb\/PH19214?viewlocale=pl_PL&amp;locale=pl_PL\">Safari<\/a><\/li><\/ul><p>Die Unf\u00e4higkeit, Cookies zu speichern\/lesen, kann zu einer unvollst\u00e4ndigen und fehlerhaften Funktion der Website f\u00fchren, jedoch bleibt die Nutzung der Website weiterhin m\u00f6glich.<\/p><p style=\"text-align: center;\"><strong>Weitere Informationen zum Datenverarbeitungsprozess<\/strong><\/p><p>Alle Fragen zu unseren Richtlinien k\u00f6nnen per E-Mail an folgende Adresse gestellt werden:<span style=\"color: #ff0000;\"><span style=\"color: #000000;\"> pol-mak@pol-mak.pl<\/span> <b><br><\/b><\/span><\/p><p>Dar\u00fcber hinaus finden Sie Informationen zum Verantwortlichen f\u00fcr personenbezogene Daten und zu den Rechten der Betroffenen unter folgender Adresse: https:\/\/niskiig.pl\/de\/datenschutzrichtlinie\/<\/p><p>Im Falle eines Versto\u00dfes gegen die Datenschutzgesetze haben Sie das Recht, eine <a href=\"https:\/\/uodo.gov.pl\/\">Beschwerde bei der Datenschutzbeh\u00f6rde einzureichen. <\/a><\/p>\t\t\t\t\t\t\t\t<\/div>\n\t\t\t\t<\/div>\n\t\t\t\t\t<\/div>\n\t\t\t\t<\/div>\n\t\t\t\t\t<\/div>\n\t\t\t\t<\/div>\n\t\t\t\t<\/div>\n\t\t","protected":false},"excerpt":{"rendered":"<p>Datenschutzrichtlinie Was ist ein Cookie? Cookies sind Textdateien, die automatisch durch Internetbrowser erstellt werden, wenn Sie Websites besuchen und nutzen. Sie werden von der Website gesendet und auf dem Ger\u00e4t des Benutzers gespeichert. Die \u00fcber Cookies erhaltenen Daten werden nur von der Website, die das Cookie erstellt hat, niskiig.devispace.pl, gelesen. Die Website hat keinen Zugriff [&hellip;]<\/p>\n","protected":false},"author":1,"featured_media":0,"parent":0,"menu_order":0,"comment_status":"closed","ping_status":"closed","template":"","meta":{"footnotes":""},"class_list":["post-24937","page","type-page","status-publish","hentry"],"_links":{"self":[{"href":"https:\/\/niskiig.pl\/de\/wp-json\/wp\/v2\/pages\/24937","targetHints":{"allow":["GET"]}}],"collection":[{"href":"https:\/\/niskiig.pl\/de\/wp-json\/wp\/v2\/pages"}],"about":[{"href":"https:\/\/niskiig.pl\/de\/wp-json\/wp\/v2\/types\/page"}],"author":[{"embeddable":true,"href":"https:\/\/niskiig.pl\/de\/wp-json\/wp\/v2\/users\/1"}],"replies":[{"embeddable":true,"href":"https:\/\/niskiig.pl\/de\/wp-json\/wp\/v2\/comments?post=24937"}],"version-history":[{"count":1,"href":"https:\/\/niskiig.pl\/de\/wp-json\/wp\/v2\/pages\/24937\/revisions"}],"predecessor-version":[{"id":26127,"href":"https:\/\/niskiig.pl\/de\/wp-json\/wp\/v2\/pages\/24937\/revisions\/26127"}],"wp:attachment":[{"href":"https:\/\/niskiig.pl\/de\/wp-json\/wp\/v2\/media?parent=24937"}],"curies":[{"name":"wp","href":"https:\/\/api.w.org\/{rel}","templated":true}]}}